{"id":54,"date":"2021-07-14T07:14:04","date_gmt":"2021-07-14T07:14:04","guid":{"rendered":"https:\/\/acdepotec.com\/?page_id=54"},"modified":"2025-11-17T20:43:12","modified_gmt":"2025-11-17T20:43:12","slug":"sobre-nosotros","status":"publish","type":"page","link":"https:\/\/acdepotec.com\/?page_id=54","title":{"rendered":"Sobre Nosotros"},"content":{"rendered":"\t\t<div data-elementor-type=\"wp-page\" data-elementor-id=\"54\" class=\"elementor elementor-54\">\n\t\t\t\t\t\t<section class=\"elementor-section elementor-top-section elementor-element elementor-element-ac146e4 elementor-section-boxed elementor-section-height-default elementor-section-height-default\" data-id=\"ac146e4\" data-element_type=\"section\">\n\t\t\t\t\t\t<div class=\"elementor-container elementor-column-gap-default\">\n\t\t\t\t\t<div class=\"elementor-column elementor-col-50 elementor-top-column elementor-element elementor-element-a15c66d\" data-id=\"a15c66d\" data-element_type=\"column\">\n\t\t\t<div class=\"elementor-widget-wrap elementor-element-populated\">\n\t\t\t\t\t\t<div class=\"elementor-element elementor-element-d928991 elementor-widget elementor-widget-image\" data-id=\"d928991\" data-element_type=\"widget\" data-widget_type=\"image.default\">\n\t\t\t\t<div class=\"elementor-widget-container\">\n\t\t\t<style>\/*! elementor - v3.23.0 - 05-08-2024 *\/\n.elementor-widget-image{text-align:center}.elementor-widget-image a{display:inline-block}.elementor-widget-image a img[src$=\".svg\"]{width:48px}.elementor-widget-image img{vertical-align:middle;display:inline-block}<\/style>\t\t\t\t\t\t\t\t\t\t<img fetchpriority=\"high\" decoding=\"async\" width=\"1024\" height=\"683\" src=\"https:\/\/acdepotec.com\/wp-content\/uploads\/2025\/11\/ChatGPT-Image-Nov-17-2025-03_39_40-PM-1024x683.png\" class=\"elementor-animation-wobble-vertical attachment-large size-large wp-image-707\" alt=\"\" srcset=\"https:\/\/acdepotec.com\/wp-content\/uploads\/2025\/11\/ChatGPT-Image-Nov-17-2025-03_39_40-PM-1024x683.png 1024w, https:\/\/acdepotec.com\/wp-content\/uploads\/2025\/11\/ChatGPT-Image-Nov-17-2025-03_39_40-PM-300x200.png 300w, https:\/\/acdepotec.com\/wp-content\/uploads\/2025\/11\/ChatGPT-Image-Nov-17-2025-03_39_40-PM-768x512.png 768w, https:\/\/acdepotec.com\/wp-content\/uploads\/2025\/11\/ChatGPT-Image-Nov-17-2025-03_39_40-PM-600x400.png 600w, https:\/\/acdepotec.com\/wp-content\/uploads\/2025\/11\/ChatGPT-Image-Nov-17-2025-03_39_40-PM.png 1536w\" sizes=\"(max-width: 1024px) 100vw, 1024px\" \/>\t\t\t\t\t\t\t\t\t\t\t\t\t<\/div>\n\t\t\t\t<\/div>\n\t\t\t\t\t<\/div>\n\t\t<\/div>\n\t\t\t\t<div class=\"elementor-column elementor-col-50 elementor-top-column elementor-element elementor-element-1b29642\" data-id=\"1b29642\" data-element_type=\"column\">\n\t\t\t<div class=\"elementor-widget-wrap elementor-element-populated\">\n\t\t\t\t\t\t<div class=\"elementor-element elementor-element-5115187 elementor-widget elementor-widget-heading\" data-id=\"5115187\" data-element_type=\"widget\" data-widget_type=\"heading.default\">\n\t\t\t\t<div class=\"elementor-widget-container\">\n\t\t\t<style>\/*! elementor - v3.23.0 - 05-08-2024 *\/\n.elementor-heading-title{padding:0;margin:0;line-height:1}.elementor-widget-heading .elementor-heading-title[class*=elementor-size-]>a{color:inherit;font-size:inherit;line-height:inherit}.elementor-widget-heading .elementor-heading-title.elementor-size-small{font-size:15px}.elementor-widget-heading .elementor-heading-title.elementor-size-medium{font-size:19px}.elementor-widget-heading .elementor-heading-title.elementor-size-large{font-size:29px}.elementor-widget-heading .elementor-heading-title.elementor-size-xl{font-size:39px}.elementor-widget-heading .elementor-heading-title.elementor-size-xxl{font-size:59px}<\/style><h2 class=\"elementor-heading-title elementor-size-large\">QUI\u00c9NES SOMOS<\/h2>\t\t<\/div>\n\t\t\t\t<\/div>\n\t\t\t\t<div class=\"elementor-element elementor-element-59c80dc elementor-widget elementor-widget-text-editor\" data-id=\"59c80dc\" data-element_type=\"widget\" data-widget_type=\"text-editor.default\">\n\t\t\t\t<div class=\"elementor-widget-container\">\n\t\t\t<style>\/*! elementor - v3.23.0 - 05-08-2024 *\/\n.elementor-widget-text-editor.elementor-drop-cap-view-stacked .elementor-drop-cap{background-color:#69727d;color:#fff}.elementor-widget-text-editor.elementor-drop-cap-view-framed .elementor-drop-cap{color:#69727d;border:3px solid;background-color:transparent}.elementor-widget-text-editor:not(.elementor-drop-cap-view-default) .elementor-drop-cap{margin-top:8px}.elementor-widget-text-editor:not(.elementor-drop-cap-view-default) .elementor-drop-cap-letter{width:1em;height:1em}.elementor-widget-text-editor .elementor-drop-cap{float:left;text-align:center;line-height:1;font-size:50px}.elementor-widget-text-editor .elementor-drop-cap-letter{display:inline-block}<\/style>\t\t\t\t<p><strong>Especialistas en climatizaci\u00f3n con respaldo y experiencia<\/strong><\/p><p>Fundada en la ciudad de Guayaquil, <strong>AC DEPOT DEL ECUADOR<\/strong> nace con la visi\u00f3n de ofrecer al mercado ecuatoriano soluciones integrales en aire acondicionado y refrigeraci\u00f3n. Contamos con un equipo comprometido, infraestructura moderna y una red de distribuci\u00f3n eficiente para atender a todo el pa\u00eds.<\/p>\t\t\t\t\t\t<\/div>\n\t\t\t\t<\/div>\n\t\t\t\t\t<\/div>\n\t\t<\/div>\n\t\t\t\t\t<\/div>\n\t\t<\/section>\n\t\t\t\t<section class=\"elementor-section elementor-top-section elementor-element elementor-element-03022ff elementor-section-boxed elementor-section-height-default elementor-section-height-default\" data-id=\"03022ff\" data-element_type=\"section\">\n\t\t\t\t\t\t<div class=\"elementor-container elementor-column-gap-default\">\n\t\t\t\t\t<div class=\"elementor-column elementor-col-50 elementor-top-column elementor-element elementor-element-84174d5\" data-id=\"84174d5\" data-element_type=\"column\">\n\t\t\t<div class=\"elementor-widget-wrap elementor-element-populated\">\n\t\t\t\t\t\t<div class=\"elementor-element elementor-element-442d001 elementor-widget elementor-widget-image\" data-id=\"442d001\" data-element_type=\"widget\" data-widget_type=\"image.default\">\n\t\t\t\t<div class=\"elementor-widget-container\">\n\t\t\t\t\t\t\t\t\t\t\t\t\t<img decoding=\"async\" width=\"1024\" height=\"531\" src=\"https:\/\/acdepotec.com\/wp-content\/uploads\/2025\/06\/Diseno-sin-titulo-21-1024x531.png\" class=\"elementor-animation-wobble-vertical attachment-large size-large wp-image-307\" alt=\"\" srcset=\"https:\/\/acdepotec.com\/wp-content\/uploads\/2025\/06\/Diseno-sin-titulo-21-1024x531.png 1024w, https:\/\/acdepotec.com\/wp-content\/uploads\/2025\/06\/Diseno-sin-titulo-21-600x311.png 600w, https:\/\/acdepotec.com\/wp-content\/uploads\/2025\/06\/Diseno-sin-titulo-21-300x156.png 300w, https:\/\/acdepotec.com\/wp-content\/uploads\/2025\/06\/Diseno-sin-titulo-21-768x398.png 768w, https:\/\/acdepotec.com\/wp-content\/uploads\/2025\/06\/Diseno-sin-titulo-21.png 1350w\" sizes=\"(max-width: 1024px) 100vw, 1024px\" \/>\t\t\t\t\t\t\t\t\t\t\t\t\t<\/div>\n\t\t\t\t<\/div>\n\t\t\t\t\t<\/div>\n\t\t<\/div>\n\t\t\t\t<div class=\"elementor-column elementor-col-50 elementor-top-column elementor-element elementor-element-9df697a\" data-id=\"9df697a\" data-element_type=\"column\">\n\t\t\t<div class=\"elementor-widget-wrap elementor-element-populated\">\n\t\t\t\t\t\t<div class=\"elementor-element elementor-element-1abb60f elementor-widget elementor-widget-heading\" data-id=\"1abb60f\" data-element_type=\"widget\" data-widget_type=\"heading.default\">\n\t\t\t\t<div class=\"elementor-widget-container\">\n\t\t\t<h2 class=\"elementor-heading-title elementor-size-large\">Misi\u00f3n<\/h2>\t\t<\/div>\n\t\t\t\t<\/div>\n\t\t\t\t<div class=\"elementor-element elementor-element-9a33831 elementor-widget__width-initial elementor-widget elementor-widget-text-editor\" data-id=\"9a33831\" data-element_type=\"widget\" data-widget_type=\"text-editor.default\">\n\t\t\t\t<div class=\"elementor-widget-container\">\n\t\t\t\t\t\t\t<p>Brindar productos de climatizaci\u00f3n de alta calidad con atenci\u00f3n personalizada y soporte t\u00e9cnico especializado<\/p>\t\t\t\t\t\t<\/div>\n\t\t\t\t<\/div>\n\t\t\t\t\t<\/div>\n\t\t<\/div>\n\t\t\t\t\t<\/div>\n\t\t<\/section>\n\t\t\t\t<section class=\"elementor-section elementor-top-section elementor-element elementor-element-b6e95f9 elementor-section-boxed elementor-section-height-default elementor-section-height-default\" data-id=\"b6e95f9\" data-element_type=\"section\">\n\t\t\t\t\t\t<div class=\"elementor-container elementor-column-gap-default\">\n\t\t\t\t\t<div class=\"elementor-column elementor-col-50 elementor-top-column elementor-element elementor-element-f9a00b2\" data-id=\"f9a00b2\" data-element_type=\"column\">\n\t\t\t<div class=\"elementor-widget-wrap elementor-element-populated\">\n\t\t\t\t\t\t<div class=\"elementor-element elementor-element-0a15345 elementor-widget elementor-widget-image\" data-id=\"0a15345\" data-element_type=\"widget\" data-widget_type=\"image.default\">\n\t\t\t\t<div class=\"elementor-widget-container\">\n\t\t\t\t\t\t\t\t\t\t\t\t\t<img decoding=\"async\" width=\"1024\" height=\"531\" src=\"https:\/\/acdepotec.com\/wp-content\/uploads\/2025\/11\/web-empresa-quienes--1024x531.png\" class=\"elementor-animation-wobble-vertical attachment-large size-large wp-image-650\" alt=\"\" srcset=\"https:\/\/acdepotec.com\/wp-content\/uploads\/2025\/11\/web-empresa-quienes--1024x531.png 1024w, https:\/\/acdepotec.com\/wp-content\/uploads\/2025\/11\/web-empresa-quienes--300x156.png 300w, https:\/\/acdepotec.com\/wp-content\/uploads\/2025\/11\/web-empresa-quienes--768x398.png 768w, https:\/\/acdepotec.com\/wp-content\/uploads\/2025\/11\/web-empresa-quienes--1536x796.png 1536w, https:\/\/acdepotec.com\/wp-content\/uploads\/2025\/11\/web-empresa-quienes--600x311.png 600w, https:\/\/acdepotec.com\/wp-content\/uploads\/2025\/11\/web-empresa-quienes-.png 2025w\" sizes=\"(max-width: 1024px) 100vw, 1024px\" \/>\t\t\t\t\t\t\t\t\t\t\t\t\t<\/div>\n\t\t\t\t<\/div>\n\t\t\t\t\t<\/div>\n\t\t<\/div>\n\t\t\t\t<div class=\"elementor-column elementor-col-50 elementor-top-column elementor-element elementor-element-3639fe5\" data-id=\"3639fe5\" data-element_type=\"column\">\n\t\t\t<div class=\"elementor-widget-wrap elementor-element-populated\">\n\t\t\t\t\t\t<div class=\"elementor-element elementor-element-60b4da5 elementor-widget elementor-widget-heading\" data-id=\"60b4da5\" data-element_type=\"widget\" data-widget_type=\"heading.default\">\n\t\t\t\t<div class=\"elementor-widget-container\">\n\t\t\t<h2 class=\"elementor-heading-title elementor-size-large\">Visi\u00f3n<\/h2>\t\t<\/div>\n\t\t\t\t<\/div>\n\t\t\t\t<div class=\"elementor-element elementor-element-79a0f5c elementor-widget elementor-widget-text-editor\" data-id=\"79a0f5c\" data-element_type=\"widget\" data-widget_type=\"text-editor.default\">\n\t\t\t\t<div class=\"elementor-widget-container\">\n\t\t\t\t\t\t\t<p>Ser la empresa l\u00edder en el sector HVAC\/R del Ecuador, reconocida por su innovaci\u00f3n, servicio y compromiso con el cliente.<\/p>\t\t\t\t\t\t<\/div>\n\t\t\t\t<\/div>\n\t\t\t\t\t<\/div>\n\t\t<\/div>\n\t\t\t\t\t<\/div>\n\t\t<\/section>\n\t\t\t\t<\/div>\n\t\t","protected":false},"excerpt":{"rendered":"<p>QUI\u00c9NES SOMOS Especialistas&hellip;<\/p>\n","protected":false},"author":1,"featured_media":0,"parent":0,"menu_order":0,"comment_status":"closed","ping_status":"closed","template":"","meta":{"om_disable_all_campaigns":false,"_monsterinsights_skip_tracking":false,"_monsterinsights_sitenote_active":false,"_monsterinsights_sitenote_note":"","_monsterinsights_sitenote_category":0,"_joinchat":[],"footnotes":""},"class_list":["post-54","page","type-page","status-publish","hentry"],"jetpack_sharing_enabled":true,"_links":{"self":[{"href":"https:\/\/acdepotec.com\/index.php?rest_route=\/wp\/v2\/pages\/54","targetHints":{"allow":["GET"]}}],"collection":[{"href":"https:\/\/acdepotec.com\/index.php?rest_route=\/wp\/v2\/pages"}],"about":[{"href":"https:\/\/acdepotec.com\/index.php?rest_route=\/wp\/v2\/types\/page"}],"author":[{"embeddable":true,"href":"https:\/\/acdepotec.com\/index.php?rest_route=\/wp\/v2\/users\/1"}],"replies":[{"embeddable":true,"href":"https:\/\/acdepotec.com\/index.php?rest_route=%2Fwp%2Fv2%2Fcomments&post=54"}],"version-history":[{"count":66,"href":"https:\/\/acdepotec.com\/index.php?rest_route=\/wp\/v2\/pages\/54\/revisions"}],"predecessor-version":[{"id":710,"href":"https:\/\/acdepotec.com\/index.php?rest_route=\/wp\/v2\/pages\/54\/revisions\/710"}],"wp:attachment":[{"href":"https:\/\/acdepotec.com\/index.php?rest_route=%2Fwp%2Fv2%2Fmedia&parent=54"}],"curies":[{"name":"wp","href":"https:\/\/api.w.org\/{rel}","templated":true}]}}