{"id":269,"date":"2025-06-17T21:18:58","date_gmt":"2025-06-17T21:18:58","guid":{"rendered":"https:\/\/acdepotec.com\/?post_type=product&#038;p=269"},"modified":"2025-08-25T21:40:24","modified_gmt":"2025-08-25T21:40:24","slug":"refrigerant-r404a","status":"publish","type":"product","link":"https:\/\/acdepotec.com\/?product=refrigerant-r404a","title":{"rendered":"Refrigerant R404A"},"content":{"rendered":"<p>Gas Refrigerante R-404A<\/p>\n<p>Bombona de 24 libras<\/p>\n<p>Es una mezcla HFC azeotr\u00f3pica de refrigerantes R-125, R-143a y R-134a que no agota la capa de ozono. Coincide con las propiedades del R-502. \u00datil para una gran variedad de aplicaciones de temperatura media y baja. Aprobado para el uso de nuevos equipos de refrigeraci\u00f3n, tales como expositor de alimentos, muebles de almacenamiento, c\u00e1maras frigor\u00edficas, m\u00e1quinas de hielo, transporte y refrigeraci\u00f3n.<\/p>\n","protected":false},"excerpt":{"rendered":"<p>Gas Refrigerante R-404A&hellip;<\/p>\n","protected":false},"featured_media":445,"comment_status":"open","ping_status":"closed","template":"","meta":{"om_disable_all_campaigns":false,"_monsterinsights_skip_tracking":false,"_monsterinsights_sitenote_active":false,"_monsterinsights_sitenote_note":"","_monsterinsights_sitenote_category":0,"_joinchat":[]},"product_brand":[],"product_cat":[20],"product_tag":[],"class_list":{"0":"post-269","1":"product","2":"type-product","3":"status-publish","4":"has-post-thumbnail","6":"product_cat-refrigerantes","8":"first","9":"outofstock","10":"shipping-taxable","11":"product-type-simple"},"jetpack_sharing_enabled":true,"_links":{"self":[{"href":"https:\/\/acdepotec.com\/index.php?rest_route=\/wp\/v2\/product\/269","targetHints":{"allow":["GET"]}}],"collection":[{"href":"https:\/\/acdepotec.com\/index.php?rest_route=\/wp\/v2\/product"}],"about":[{"href":"https:\/\/acdepotec.com\/index.php?rest_route=\/wp\/v2\/types\/product"}],"replies":[{"embeddable":true,"href":"https:\/\/acdepotec.com\/index.php?rest_route=%2Fwp%2Fv2%2Fcomments&post=269"}],"wp:featuredmedia":[{"embeddable":true,"href":"https:\/\/acdepotec.com\/index.php?rest_route=\/wp\/v2\/media\/445"}],"wp:attachment":[{"href":"https:\/\/acdepotec.com\/index.php?rest_route=%2Fwp%2Fv2%2Fmedia&parent=269"}],"wp:term":[{"taxonomy":"product_brand","embeddable":true,"href":"https:\/\/acdepotec.com\/index.php?rest_route=%2Fwp%2Fv2%2Fproduct_brand&post=269"},{"taxonomy":"product_cat","embeddable":true,"href":"https:\/\/acdepotec.com\/index.php?rest_route=%2Fwp%2Fv2%2Fproduct_cat&post=269"},{"taxonomy":"product_tag","embeddable":true,"href":"https:\/\/acdepotec.com\/index.php?rest_route=%2Fwp%2Fv2%2Fproduct_tag&post=269"}],"curies":[{"name":"wp","href":"https:\/\/api.w.org\/{rel}","templated":true}]}}