{"id":453,"date":"2025-08-28T17:17:50","date_gmt":"2025-08-28T17:17:50","guid":{"rendered":"https:\/\/acdepotec.com\/?post_type=product&#038;p=453"},"modified":"2025-10-17T16:28:22","modified_gmt":"2025-10-17T16:28:22","slug":"split-g-air","status":"publish","type":"product","link":"https:\/\/acdepotec.com\/?product=split-g-air","title":{"rendered":"Split G-Air"},"content":{"rendered":"<p><span class=\"a_GcMg font-feature-liga-off font-feature-clig-off font-feature-calt-off text-decoration-none text-strikethrough-none\">Enfr\u00eda el espacio sin la necesidad de un conducto, su mantenimiento es muy sencillo, adem\u00e1s es uno de los aires acondicionados m\u00e1s solicitados debido a su buena funcionalidad y que en su mayor\u00eda se adapta a cualquier espacio en los residenciales.<\/span><\/p>\n","protected":false},"excerpt":{"rendered":"<p>Split G-Air 12-18-24-36BTU<\/p>\n","protected":false},"featured_media":454,"comment_status":"open","ping_status":"closed","template":"","meta":{"om_disable_all_campaigns":false,"_monsterinsights_skip_tracking":false,"_monsterinsights_sitenote_active":false,"_monsterinsights_sitenote_note":"","_monsterinsights_sitenote_category":0,"_joinchat":[]},"product_brand":[],"product_cat":[25],"product_tag":[],"class_list":{"0":"post-453","1":"product","2":"type-product","3":"status-publish","4":"has-post-thumbnail","6":"product_cat-equipos","8":"first","9":"instock","10":"shipping-taxable","11":"product-type-simple"},"jetpack_sharing_enabled":true,"_links":{"self":[{"href":"https:\/\/acdepotec.com\/index.php?rest_route=\/wp\/v2\/product\/453","targetHints":{"allow":["GET"]}}],"collection":[{"href":"https:\/\/acdepotec.com\/index.php?rest_route=\/wp\/v2\/product"}],"about":[{"href":"https:\/\/acdepotec.com\/index.php?rest_route=\/wp\/v2\/types\/product"}],"replies":[{"embeddable":true,"href":"https:\/\/acdepotec.com\/index.php?rest_route=%2Fwp%2Fv2%2Fcomments&post=453"}],"wp:featuredmedia":[{"embeddable":true,"href":"https:\/\/acdepotec.com\/index.php?rest_route=\/wp\/v2\/media\/454"}],"wp:attachment":[{"href":"https:\/\/acdepotec.com\/index.php?rest_route=%2Fwp%2Fv2%2Fmedia&parent=453"}],"wp:term":[{"taxonomy":"product_brand","embeddable":true,"href":"https:\/\/acdepotec.com\/index.php?rest_route=%2Fwp%2Fv2%2Fproduct_brand&post=453"},{"taxonomy":"product_cat","embeddable":true,"href":"https:\/\/acdepotec.com\/index.php?rest_route=%2Fwp%2Fv2%2Fproduct_cat&post=453"},{"taxonomy":"product_tag","embeddable":true,"href":"https:\/\/acdepotec.com\/index.php?rest_route=%2Fwp%2Fv2%2Fproduct_tag&post=453"}],"curies":[{"name":"wp","href":"https:\/\/api.w.org\/{rel}","templated":true}]}}